{"id":366,"date":"2025-07-20T19:25:00","date_gmt":"2025-07-20T19:25:00","guid":{"rendered":"https:\/\/test.turkishrealestate.com\/?page_id=366"},"modified":"2025-08-31T16:56:39","modified_gmt":"2025-08-31T16:56:39","slug":"referanslar","status":"publish","type":"page","link":"https:\/\/test.turkishrealestate.com\/tr\/referanslar\/","title":{"rendered":"Mutlu M\u00fc\u015fteriler"},"content":{"rendered":"<figure class=\"wp-block-image alignleft size-full is-resized is-style-rounded\"><img loading=\"lazy\" decoding=\"async\" width=\"229\" height=\"172\" src=\"https:\/\/test.turkishrealestate.com\/wp-content\/uploads\/2025\/08\/Carol-Anderson.jpg\" alt=\"Adnan&#039;\u0131 T\u00fcrkiye&#039;de bir m\u00fclk sat\u0131n almay\u0131 d\u00fc\u015f\u00fcnmeden \u00f6nce birka\u00e7 y\u0131ld\u0131r tan\u0131yordum ve asl\u0131nda Outback Travel &amp; Top&#039;un yan\u0131 s\u0131ra bir emlak i\u015fine sahip oldu\u011fundan bile haberim yoktu. O b\u00f6yle bir adam - sald\u0131rgan de\u011fil. Ancak b\u00f6ylesine \u00f6nemli bir konu \u00fczerinde dikkatle d\u00fc\u015f\u00fcnmeyi hak ediyordu ve acele bir karar vermem i\u00e7in bana bask\u0131 yap\u0131lmas\u0131n\u0131 istemiyordum. T\u00fcrkiye&#039;deki de\u011ferli zaman\u0131ma &quot;s\u0131k\u0131\u015ft\u0131rabildi\u011fim&quot; kadar \u00e7ok alanda di\u011fer acentelerle m\u00fclk incelemesi de dahil olmak \u00fczere t\u00fcm yollar\u0131 takip etmeyi kendime bor\u00e7luydum. Adnan bunu \u00e7ok takdir etti ve hatta beni bu konuda te\u015fvik etti, ancak kendimi her zaman tavsiyesi i\u00e7in ona geri d\u00f6nerken buldum. Bu tavsiyeleri hi\u00e7 teredd\u00fct etmeden ve tamamen tarafs\u0131z bir \u015fekilde verdi. Sonra beni baz\u0131 dairelerin in\u015fa edilece\u011fi bir siteye g\u00f6t\u00fcrd\u00fc ve ac\u0131 sona erdi! Oradan sat\u0131n almak zorundayd\u0131m! O andan itibaren hi\u00e7 bu kadar mutlu olmam\u0131\u015ft\u0131m. Her a\u015faman\u0131n foto\u011fraflar\u0131n\u0131 e-postayla g\u00f6nderdi ve her t\u00fcrl\u00fc soruyu yan\u0131tlamaya her zaman haz\u0131rd\u0131 - sorarken kendimi ne kadar aptal hissetsem de! Ama orada durmad\u0131...... \u015fimdi bile - tamamland\u0131ktan neredeyse 12 ay sonra, akla gelebilecek her durumda yard\u0131m etmek i\u00e7in hala orada olmaya devam ediyor. Bu adama hayat\u0131m pahas\u0131na g\u00fcvenirim ve onun ve sevgili e\u015finin benim i\u00e7in yapt\u0131klar\u0131n\u0131 ne kadar takdir etti\u011fimi kimseye ifade edemem. Kalbimin derinliklerinden te\u015fekk\u00fcr ederim!\" class=\"wp-image-1495\" style=\"width:281px;height:auto\"\/><figcaption class=\"wp-element-caption\"><strong>Carol Anderson. United Kingdom<\/strong><\/figcaption><\/figure>\n\n\n\n<figure class=\"wp-block-table\"><table class=\"has-fixed-layout\"><tbody><tr><td class=\"has-text-align-left\" data-align=\"left\">Adnan'\u0131 T\u00fcrkiye'de bir m\u00fclk sat\u0131n almay\u0131 d\u00fc\u015f\u00fcnmeden \u00f6nce birka\u00e7 y\u0131ld\u0131r tan\u0131yordum ve asl\u0131nda Outback Travel &amp; Top'un yan\u0131 s\u0131ra bir emlak i\u015fine sahip oldu\u011fundan bile haberim yoktu. O b\u00f6yle bir adam - sald\u0131rgan de\u011fil. Ancak b\u00f6ylesine \u00f6nemli bir konu \u00fczerinde dikkatle d\u00fc\u015f\u00fcnmeyi hak ediyordu ve acele bir karar vermem i\u00e7in bana bask\u0131 yap\u0131lmas\u0131n\u0131 istemiyordum. T\u00fcrkiye'deki de\u011ferli zaman\u0131ma \"s\u0131k\u0131\u015ft\u0131rabildi\u011fim\" kadar \u00e7ok alanda di\u011fer acentelerle m\u00fclk incelemesi de dahil olmak \u00fczere t\u00fcm yollar\u0131 takip etmeyi kendime bor\u00e7luydum. Adnan bunu \u00e7ok takdir etti ve hatta beni bu konuda te\u015fvik etti, ancak kendimi her zaman tavsiyesi i\u00e7in ona geri d\u00f6nerken buldum. Bu tavsiyeleri hi\u00e7 teredd\u00fct etmeden ve tamamen tarafs\u0131z bir \u015fekilde verdi. Sonra beni baz\u0131 dairelerin in\u015fa edilece\u011fi bir siteye g\u00f6t\u00fcrd\u00fc ve ac\u0131 sona erdi! Oradan sat\u0131n almak zorundayd\u0131m! O andan itibaren hi\u00e7 bu kadar mutlu olmam\u0131\u015ft\u0131m. Her a\u015faman\u0131n foto\u011fraflar\u0131n\u0131 e-postayla g\u00f6nderdi ve her t\u00fcrl\u00fc soruyu yan\u0131tlamaya her zaman haz\u0131rd\u0131 - sorarken kendimi ne kadar aptal hissetsem de! Ama orada durmad\u0131...... \u015fimdi bile - tamamland\u0131ktan neredeyse 12 ay sonra, akla gelebilecek her durumda yard\u0131m etmek i\u00e7in hala orada olmaya devam ediyor. Bu adama hayat\u0131m pahas\u0131na g\u00fcvenirim ve onun ve sevgili e\u015finin benim i\u00e7in yapt\u0131klar\u0131n\u0131 ne kadar takdir etti\u011fimi kimseye ifade edemem. Kalbimin derinliklerinden te\u015fekk\u00fcr ederim!  <br><br>Thank you from the bottom of my heart!<\/td><\/tr><\/tbody><\/table><\/figure>\n\n\n\n<p><\/p>","protected":false},"excerpt":{"rendered":"<p>Adnan had been an acquaintance for some years before I had contemplated buying a property in Turkey, and indeed, I was unaware he even had a real estate business as well as Outback Travel &amp; Tours. That\u2019s the kind of guy he is &#8211; not pushy. But something so important deserved much careful consideration, and [&hellip;]<\/p>","protected":false},"author":2,"featured_media":0,"parent":0,"menu_order":0,"comment_status":"closed","ping_status":"closed","template":"page-testimonials.php","meta":{"footnotes":""},"class_list":["post-366","page","type-page","status-publish","hentry"],"_links":{"self":[{"href":"https:\/\/test.turkishrealestate.com\/tr\/wp-json\/wp\/v2\/pages\/366","targetHints":{"allow":["GET"]}}],"collection":[{"href":"https:\/\/test.turkishrealestate.com\/tr\/wp-json\/wp\/v2\/pages"}],"about":[{"href":"https:\/\/test.turkishrealestate.com\/tr\/wp-json\/wp\/v2\/types\/page"}],"author":[{"embeddable":true,"href":"https:\/\/test.turkishrealestate.com\/tr\/wp-json\/wp\/v2\/users\/2"}],"replies":[{"embeddable":true,"href":"https:\/\/test.turkishrealestate.com\/tr\/wp-json\/wp\/v2\/comments?post=366"}],"version-history":[{"count":4,"href":"https:\/\/test.turkishrealestate.com\/tr\/wp-json\/wp\/v2\/pages\/366\/revisions"}],"predecessor-version":[{"id":1500,"href":"https:\/\/test.turkishrealestate.com\/tr\/wp-json\/wp\/v2\/pages\/366\/revisions\/1500"}],"wp:attachment":[{"href":"https:\/\/test.turkishrealestate.com\/tr\/wp-json\/wp\/v2\/media?parent=366"}],"curies":[{"name":"wp","href":"https:\/\/api.w.org\/{rel}","templated":true}]}}